{"id":286,"date":"2014-03-18T16:16:18","date_gmt":"2014-03-18T15:16:18","guid":{"rendered":"http:\/\/www.toxic.fm\/site\/?page_id=286"},"modified":"2020-07-29T17:40:44","modified_gmt":"2020-07-29T15:40:44","slug":"pull-up","status":"publish","type":"page","link":"https:\/\/toxic.fm\/site\/programm\/programmraster\/pull-up\/","title":{"rendered":"Pull Up"},"content":{"rendered":"<p><em><strong>Jeden Dienstag von 20 bis 22 Uhr auf toxic.fm.<\/strong><\/em><\/p>\n<p>Pull Up! bringt dir karibische Musik nach Hause oder ins Auto!<br \/>\nVon Ska, Foundation, New Roots, Trini-Reggae \u00fcber Soca zu Reggaeton und den neusten Dancehallkrachern aus Jamaika, wird alles gespielt.<\/p>\n<p>Jeder der vier Sendungsmacher hat einen eigenen Schwerpunkt und eigene Vorlieben.<\/p>\n<p>Neben der Musik erh\u00e4ltst du bei Pull Up! Hintergrundinfos zu K\u00fcnstlern, Labels und Kultur, wir f\u00fchren Interviews und stellen dir neue Releases vor.<br \/>\nNat\u00fcrlich halten wir dich betreffend Partys und Konzerte auf dem Laufenden und verlosen Tickets f\u00fcr diverse Veranstaltungen.<\/p>\n<p>&#8230;Tune in!<\/p>\n<p>E-Mail ins Studio unter: <a href=\"mailto:pullup@toxic.fm\" target=\"_blank\" rel=\"noopener\">pullup@toxic.fm<\/a><\/p>\n","protected":false},"excerpt":{"rendered":"<p>Jeden Dienstag von 20 bis 22 Uhr auf toxic.fm. Pull Up! bringt dir karibische Musik nach Hause oder ins Auto! Von Ska, Foundation, New Roots, Trini-Reggae \u00fcber Soca zu Reggaeton und den neusten Dancehallkrachern aus Jamaika, wird alles gespielt. Jeder der vier Sendungsmacher hat einen eigenen Schwerpunkt und eigene Vorlieben. Neben der Musik erh\u00e4ltst du [&hellip;]<\/p>\n","protected":false},"author":3,"featured_media":27823,"parent":40,"menu_order":0,"comment_status":"closed","ping_status":"open","template":"","meta":{"_acf_changed":false,"footnotes":""},"class_list":["post-286","page","type-page","status-publish","has-post-thumbnail","hentry"],"acf":[],"publishpress_future_action":{"enabled":false,"date":"2026-04-27 02:52:29","action":"change-status","newStatus":"draft","terms":[],"taxonomy":"","extraData":[]},"publishpress_future_workflow_manual_trigger":{"enabledWorkflows":[]},"_links":{"self":[{"href":"https:\/\/toxic.fm\/site\/wp-json\/wp\/v2\/pages\/286","targetHints":{"allow":["GET"]}}],"collection":[{"href":"https:\/\/toxic.fm\/site\/wp-json\/wp\/v2\/pages"}],"about":[{"href":"https:\/\/toxic.fm\/site\/wp-json\/wp\/v2\/types\/page"}],"author":[{"embeddable":true,"href":"https:\/\/toxic.fm\/site\/wp-json\/wp\/v2\/users\/3"}],"replies":[{"embeddable":true,"href":"https:\/\/toxic.fm\/site\/wp-json\/wp\/v2\/comments?post=286"}],"version-history":[{"count":3,"href":"https:\/\/toxic.fm\/site\/wp-json\/wp\/v2\/pages\/286\/revisions"}],"predecessor-version":[{"id":27821,"href":"https:\/\/toxic.fm\/site\/wp-json\/wp\/v2\/pages\/286\/revisions\/27821"}],"up":[{"embeddable":true,"href":"https:\/\/toxic.fm\/site\/wp-json\/wp\/v2\/pages\/40"}],"wp:featuredmedia":[{"embeddable":true,"href":"https:\/\/toxic.fm\/site\/wp-json\/wp\/v2\/media\/27823"}],"wp:attachment":[{"href":"https:\/\/toxic.fm\/site\/wp-json\/wp\/v2\/media?parent=286"}],"curies":[{"name":"wp","href":"https:\/\/api.w.org\/{rel}","templated":true}]}}