{"id":14,"date":"2013-11-18T00:54:43","date_gmt":"2013-11-17T22:54:43","guid":{"rendered":"https:\/\/toxic.fm\/site\/?page_id=14"},"modified":"2025-01-15T14:51:41","modified_gmt":"2025-01-15T13:51:41","slug":"frequenz","status":"publish","type":"page","link":"https:\/\/toxic.fm\/site\/frequenz\/","title":{"rendered":"Empfang"},"content":{"rendered":"<p><strong>Terrestrisch<\/strong><br \/>\nOn Air von Flawil \u00fcber St.Gallen bis nach Rorschach, und von Romanshorn \u00fcber St.Gallen bis Herisau: 107.1 MHz.<\/p>\n<p><strong>DAB+<\/strong><br \/>\ntoxic.fm ist auch \u00fcber Digitalradio DAB+ empfangbar. Und zwar in den auf der Karte abgebildeten Regionen (siehe auch Karte unten). Voraussetzung daf\u00fcr ist ein entsprechendes Digitalradio-Ger\u00e4t. Diese gibt es mittlerweile in allen Gr\u00f6ssen und Preisklassen. Infos \u00fcber die Vorteile von Digitalradio, Ger\u00e4te und Verbreitung findet ihr <a href=\"http:\/\/www.digitalradio.ch\" target=\"_blank\" rel=\"noopener\">hier.<\/a><\/p>\n<p><strong>Wo kann man toxic.fm \u00fcber DAB+ empfangen?<\/strong><br \/>\n<iframe loading=\"lazy\" src=\"https:\/\/www.digris.ch\/api\/v1\/infrastructure\/embed\/program\/56e5a55c-3c99-4aca-a717-ada6a510128c\/\" width=\"100%\" height=\"600\" frameborder=\"0\" allowfullscreen=\"allowfullscreen\"><\/iframe><br \/>\n<a href=\"https:\/\/www.digris.ch\/verbreitung\/programme\/56e5a55c-3c99-4aca-a717-ada6a510128c\/\" target=\"_blank\" rel=\"noopener\">www.digris.ch &#8211; Karte<\/a><\/p>\n<p><strong>App<\/strong><br \/>\ntoxic.fm kann auch \u00fcber den Swiss Radioplayer empfangen werden. \u00dcber die App, die kostenlos im <a href=\"https:\/\/itunes.apple.com\/ch\/app\/swiss-radioplayer\/id1429819627?ls=1&amp;mt=8\" target=\"_blank\" rel=\"noopener\">Apple AppStore<\/a> und <a href=\"https:\/\/play.google.com\/store\/apps\/details?id=ch.radioplayer.android\" target=\"_blank\" rel=\"noopener\">Google Play Store<\/a> heruntergeladen werden kann oder \u00fcber die Website <a href=\"https:\/\/swissradioplayer.ch\/\" target=\"_blank\" rel=\"noopener\">www.swissradioplayer.ch<\/a><\/p>\n<p><a href=\"https:\/\/swissradioplayer.ch\/\"><img loading=\"lazy\" decoding=\"async\" class=\"alignnone wp-image-19021 size-medium\" src=\"https:\/\/toxic.fm\/site\/wp-content\/uploads\/2018\/11\/Swiss-Radioplayer_logo_rgb_rot-300x74.jpg\" alt=\"\" width=\"300\" height=\"74\" \/><\/a><\/p>\n<p><strong>TV<\/strong><br \/>\ntoxic.fm ist \u00fcber die meisten Radioangebote der TV-Kabelnetzbetreiber empfangbar.<\/p>\n<p><strong>Kabel<\/strong><\/p>\n<p><em>Frequenz 101.6 MHz<\/em><br \/>\nAbtwil, Altenrhein, Andwil, Appenzell, Arnegg, Au SG, Balgach, Berneck, B\u00fchler, Eggersriet, Eggerstanden, Eichberg, Engel burg, Gais, Goldach, Gonten, Gossau SG, Heerbrugg, Heiden, Herisau, Horn, Kriessern, Lutzenberg, Marbach, Montlingen, M\u00f6rschwil, Oberb\u00fcren, Oberegg, Oberriet, Oberuzwil, Rebstein, Rehetobel, Rheineck, Rorschach, Rorschacherberg, R\u00fcthi SG, Schachen-Reute,Sonnental, Speicher, Speicherschwendi, St. Gallen, St. Josefen, St. Margrethen, Staad, Teufen AR, Thal\/Staad, Trogen, T\u00fcbach, Untereggen, Urn\u00e4sch, Uzwil, Waldstatt, Walzenhausen, Weissbad, Wienacht, Wittenbach.<\/p>\n<p><em>Frequenz 98.95 MHz<\/em><br \/>\nAmriswil, Arbon, Bernhardzell, Bischofszell, Steinach, Roggwil-Berg SG, Frasnacht\/Stachen, Freidorf, G\u00f6tighofen, Hauptwil, Heldswil, Kradolf, Neukirch, Niederb\u00fcren, Egnach, Erlen, H\u00e4ggenschwil (SG), Halden, Romanshorn, Salmsach, Sch\u00f6nenberg, Sitterdorf, Steinebrunn, Sulgen, Uttwil, Waldkirch, Zihlschlacht.<\/p>\n","protected":false},"excerpt":{"rendered":"<p>Terrestrisch On Air von Flawil \u00fcber St.Gallen bis nach Rorschach, und von Romanshorn \u00fcber St.Gallen bis Herisau: 107.1 MHz. DAB+ toxic.fm ist auch \u00fcber Digitalradio DAB+ empfangbar. Und zwar in den auf der Karte abgebildeten Regionen (siehe auch Karte unten). Voraussetzung daf\u00fcr ist ein entsprechendes Digitalradio-Ger\u00e4t. Diese gibt es mittlerweile in allen Gr\u00f6ssen und Preisklassen. [&hellip;]<\/p>\n","protected":false},"author":1,"featured_media":0,"parent":0,"menu_order":0,"comment_status":"closed","ping_status":"open","template":"","meta":{"_acf_changed":false,"footnotes":""},"class_list":["post-14","page","type-page","status-publish","hentry"],"acf":[],"publishpress_future_action":{"enabled":false,"date":"2026-05-09 07:53:21","action":"change-status","newStatus":"draft","terms":[],"taxonomy":"","extraData":[]},"publishpress_future_workflow_manual_trigger":{"enabledWorkflows":[]},"_links":{"self":[{"href":"https:\/\/toxic.fm\/site\/wp-json\/wp\/v2\/pages\/14","targetHints":{"allow":["GET"]}}],"collection":[{"href":"https:\/\/toxic.fm\/site\/wp-json\/wp\/v2\/pages"}],"about":[{"href":"https:\/\/toxic.fm\/site\/wp-json\/wp\/v2\/types\/page"}],"author":[{"embeddable":true,"href":"https:\/\/toxic.fm\/site\/wp-json\/wp\/v2\/users\/1"}],"replies":[{"embeddable":true,"href":"https:\/\/toxic.fm\/site\/wp-json\/wp\/v2\/comments?post=14"}],"version-history":[{"count":9,"href":"https:\/\/toxic.fm\/site\/wp-json\/wp\/v2\/pages\/14\/revisions"}],"predecessor-version":[{"id":62627,"href":"https:\/\/toxic.fm\/site\/wp-json\/wp\/v2\/pages\/14\/revisions\/62627"}],"wp:attachment":[{"href":"https:\/\/toxic.fm\/site\/wp-json\/wp\/v2\/media?parent=14"}],"curies":[{"name":"wp","href":"https:\/\/api.w.org\/{rel}","templated":true}]}}