{"id":12,"date":"2013-11-18T00:54:34","date_gmt":"2013-11-17T22:54:34","guid":{"rendered":"https:\/\/toxic.fm\/site\/?page_id=12"},"modified":"2025-12-11T15:38:59","modified_gmt":"2025-12-11T14:38:59","slug":"moderatoren","status":"publish","type":"page","link":"https:\/\/toxic.fm\/site\/moderatoren\/","title":{"rendered":"Team"},"content":{"rendered":"<h1>TEAM<\/h1>\n    <div class='container team-container'>\n        <div class='row'>                 <div class='block-12 block-sm-12 block-md-6 block-lg-4 team-block'>\n                    <a class='team-link' href='https:\/\/toxic.fm\/site\/team\/timo-michels\/'>\n                        <div class='team-content' style='background-image: url(https:\/\/toxic.fm\/site\/wp-content\/uploads\/2024\/05\/image00001-614x768.jpeg)'>\n                            <div class='team-info'>\n                                <p class='team-role'>Gesch\u00e4ftsf\u00fchrer<\/p>\n                                <h2 class='team-name'>Timo<br>Michels<\/h2>\n                            <\/div>\n                        <\/div>\n                    <\/a>\n                <\/div>                 <div class='block-12 block-sm-12 block-md-6 block-lg-4 team-block'>\n                    <a class='team-link' href='https:\/\/toxic.fm\/site\/team\/jennice-wirth\/'>\n                        <div class='team-content' style='background-image: url(https:\/\/toxic.fm\/site\/wp-content\/uploads\/2024\/12\/Jennice-Wirth_Neu-768x768.png)'>\n                            <div class='team-info'>\n                                <p class='team-role'>Kursmanagement & Backoffice (HSG RM)<\/p>\n                                <h2 class='team-name'>Jennice<br>Wirth<\/h2>\n                            <\/div>\n                        <\/div>\n                    <\/a>\n                <\/div>                 <div class='block-12 block-sm-12 block-md-6 block-lg-4 team-block'>\n                    <a class='team-link' href='https:\/\/toxic.fm\/site\/team\/ivo-arztmann\/'>\n                        <div class='team-content' style='background-image: url(https:\/\/toxic.fm\/site\/wp-content\/uploads\/2022\/03\/Ivo-819x1024-1-614x768.jpg)'>\n                            <div class='team-info'>\n                                <p class='team-role'>Leiter Musikredaktion<\/p>\n                                <h2 class='team-name'>Ivo<br>Arztmann<\/h2>\n                            <\/div>\n                        <\/div>\n                    <\/a>\n                <\/div>                 <div class='block-12 block-sm-12 block-md-6 block-lg-4 team-block'>\n                    <a class='team-link' href='https:\/\/toxic.fm\/site\/team\/nina-frauenfelder-2\/'>\n                        <div class='team-content' style='background-image: url(https:\/\/toxic.fm\/site\/wp-content\/uploads\/2022\/03\/Nina-819x1024-1-614x768.jpg)'>\n                            <div class='team-info'>\n                                <p class='team-role'>Redaktionsleiterin<\/p>\n                                <h2 class='team-name'>Nina<br>Frauenfelder<\/h2>\n                            <\/div>\n                        <\/div>\n                    <\/a>\n                <\/div>                 <div class='block-12 block-sm-12 block-md-6 block-lg-4 team-block'>\n                    <a class='team-link' href='https:\/\/toxic.fm\/site\/team\/manuela-bruhin\/'>\n                        <div class='team-content' style='background-image: url(https:\/\/toxic.fm\/site\/wp-content\/uploads\/2026\/04\/Ist-noch-in-der-Maske-786-x-786-px-1-768x768.png)'>\n                            <div class='team-info'>\n                                <p class='team-role'>Redaktionsleiterin<\/p>\n                                <h2 class='team-name'>Manuela<br>Bruhin<\/h2>\n                            <\/div>\n                        <\/div>\n                    <\/a>\n                <\/div>                 <div class='block-12 block-sm-12 block-md-6 block-lg-4 team-block'>\n                    <a class='team-link' href='https:\/\/toxic.fm\/site\/team\/desiree-gaechter-2\/'>\n                        <div class='team-content' style='background-image: url(https:\/\/toxic.fm\/site\/wp-content\/uploads\/2025\/08\/Desiree-Gaechter-768x768.png)'>\n                            <div class='team-info'>\n                                <p class='team-role'>Moderationsleiterin<\/p>\n                                <h2 class='team-name'>D\u00e9sir\u00e9e<br>G\u00e4chter<\/h2>\n                            <\/div>\n                        <\/div>\n                    <\/a>\n                <\/div>                 <div class='block-12 block-sm-12 block-md-6 block-lg-4 team-block'>\n                    <a class='team-link' href='https:\/\/toxic.fm\/site\/team\/57148\/'>\n                        <div class='team-content' style='background-image: url(https:\/\/toxic.fm\/site\/wp-content\/uploads\/2024\/03\/Alissia-Urso-1-768x768.png)'>\n                            <div class='team-info'>\n                                <p class='team-role'>Training & Support Redaktion\/Moderation<\/p>\n                                <h2 class='team-name'>Alissia<br>Urso<\/h2>\n                            <\/div>\n                        <\/div>\n                    <\/a>\n                <\/div>                 <div class='block-12 block-sm-12 block-md-6 block-lg-4 team-block'>\n                    <a class='team-link' href='https:\/\/toxic.fm\/site\/team\/samuel-de-cataldo\/'>\n                        <div class='team-content' style='background-image: url(https:\/\/toxic.fm\/site\/wp-content\/uploads\/2025\/03\/Samuel-De-Cataldo-1-768x768.png)'>\n                            <div class='team-info'>\n                                <p class='team-role'>Leiter Video & SOME<\/p>\n                                <h2 class='team-name'>Samuel<br>De<br>Cataldo<\/h2>\n                            <\/div>\n                        <\/div>\n                    <\/a>\n                <\/div>                 <div class='block-12 block-sm-12 block-md-6 block-lg-4 team-block'>\n                    <a class='team-link' href='https:\/\/toxic.fm\/site\/team\/karolin-gaechter\/'>\n                        <div class='team-content' style='background-image: url(https:\/\/toxic.fm\/site\/wp-content\/uploads\/2026\/01\/Karolin-Gaechter-768x768.png)'>\n                            <div class='team-info'>\n                                <p class='team-role'>Leiterin Video & SOME<\/p>\n                                <h2 class='team-name'>Karolin<br>G\u00e4chter<\/h2>\n                            <\/div>\n                        <\/div>\n                    <\/a>\n                <\/div>                 <div class='block-12 block-sm-12 block-md-6 block-lg-4 team-block'>\n                    <a class='team-link' href='https:\/\/toxic.fm\/site\/team\/seline-bietenhard\/'>\n                        <div class='team-content' style='background-image: url(https:\/\/toxic.fm\/site\/wp-content\/uploads\/2025\/02\/Seline-Bietenhard-614x768.png)'>\n                            <div class='team-info'>\n                                <p class='team-role'>Moderation<\/p>\n                                <h2 class='team-name'>Seline<br>Bietenhard<\/h2>\n                            <\/div>\n                        <\/div>\n                    <\/a>\n                <\/div>                 <div class='block-12 block-sm-12 block-md-6 block-lg-4 team-block'>\n                    <a class='team-link' href='https:\/\/toxic.fm\/site\/team\/nico-blaser\/'>\n                        <div class='team-content' style='background-image: url(https:\/\/toxic.fm\/site\/wp-content\/uploads\/2026\/02\/Kopie-von-Laurin-Fluetsch-9-614x768.png)'>\n                            <div class='team-info'>\n                                <p class='team-role'>Moderation<\/p>\n                                <h2 class='team-name'>Nico<br>Blaser<\/h2>\n                            <\/div>\n                        <\/div>\n                    <\/a>\n                <\/div>                 <div class='block-12 block-sm-12 block-md-6 block-lg-4 team-block'>\n                    <a class='team-link' href='https:\/\/toxic.fm\/site\/team\/laurin-fluetsch\/'>\n                        <div class='team-content' style='background-image: url(https:\/\/toxic.fm\/site\/wp-content\/uploads\/2025\/08\/Laurin-Fluetsch-614x768.png)'>\n                            <div class='team-info'>\n                                <p class='team-role'>Moderation<\/p>\n                                <h2 class='team-name'>Laurin<br>Fl\u00fctsch<\/h2>\n                            <\/div>\n                        <\/div>\n                    <\/a>\n                <\/div>                 <div class='block-12 block-sm-12 block-md-6 block-lg-4 team-block'>\n                    <a class='team-link' href='https:\/\/toxic.fm\/site\/team\/carmen-hug\/'>\n                        <div class='team-content' style='background-image: url(https:\/\/toxic.fm\/site\/wp-content\/uploads\/2025\/08\/Carmen-Hug-614x768.png)'>\n                            <div class='team-info'>\n                                <p class='team-role'>Moderation<\/p>\n                                <h2 class='team-name'>Carmen<br>Hug<\/h2>\n                            <\/div>\n                        <\/div>\n                    <\/a>\n                <\/div>                 <div class='block-12 block-sm-12 block-md-6 block-lg-4 team-block'>\n                    <a class='team-link' href='https:\/\/toxic.fm\/site\/team\/marla-knoebel\/'>\n                        <div class='team-content' style='background-image: url(https:\/\/toxic.fm\/site\/wp-content\/uploads\/2026\/02\/Kopie-von-Laurin-Fluetsch-5-614x768.png)'>\n                            <div class='team-info'>\n                                <p class='team-role'>Moderation<\/p>\n                                <h2 class='team-name'>Marla<br>Kn\u00f6bel<\/h2>\n                            <\/div>\n                        <\/div>\n                    <\/a>\n                <\/div>                 <div class='block-12 block-sm-12 block-md-6 block-lg-4 team-block'>\n                    <a class='team-link' href='https:\/\/toxic.fm\/site\/team\/cristina-orfanidis\/'>\n                        <div class='team-content' style='background-image: url(https:\/\/toxic.fm\/site\/wp-content\/uploads\/2025\/08\/Cristina-Orfanidis-614x768.png)'>\n                            <div class='team-info'>\n                                <p class='team-role'>Moderation<\/p>\n                                <h2 class='team-name'>Cristina<br>Orfanidis<\/h2>\n                            <\/div>\n                        <\/div>\n                    <\/a>\n                <\/div>                 <div class='block-12 block-sm-12 block-md-6 block-lg-4 team-block'>\n                    <a class='team-link' href='https:\/\/toxic.fm\/site\/team\/jannis-rueegg\/'>\n                        <div class='team-content' style='background-image: url(https:\/\/toxic.fm\/site\/wp-content\/uploads\/2026\/02\/Kopie-von-Laurin-Fluetsch-6-614x768.png)'>\n                            <div class='team-info'>\n                                <p class='team-role'>Moderation<\/p>\n                                <h2 class='team-name'>Jannis<br>R\u00fcegg<\/h2>\n                            <\/div>\n                        <\/div>\n                    <\/a>\n                <\/div>                 <div class='block-12 block-sm-12 block-md-6 block-lg-4 team-block'>\n                    <a class='team-link' href='https:\/\/toxic.fm\/site\/team\/yannick-wipf\/'>\n                        <div class='team-content' style='background-image: url(https:\/\/toxic.fm\/site\/wp-content\/uploads\/2024\/05\/Design-ohne-Titel-14-614x768.png)'>\n                            <div class='team-info'>\n                                <p class='team-role'>Moderation<\/p>\n                                <h2 class='team-name'>Yannick<br>Wipf<\/h2>\n                            <\/div>\n                        <\/div>\n                    <\/a>\n                <\/div>                 <div class='block-12 block-sm-12 block-md-6 block-lg-4 team-block'>\n                    <a class='team-link' href='https:\/\/toxic.fm\/site\/team\/cedric-holstein\/'>\n                        <div class='team-content' style='background-image: url(https:\/\/toxic.fm\/site\/wp-content\/uploads\/2026\/02\/Kopie-von-Laurin-Fluetsch-3-614x768.png)'>\n                            <div class='team-info'>\n                                <p class='team-role'>Redaktion<\/p>\n                                <h2 class='team-name'>Cedric<br>Holstein<\/h2>\n                            <\/div>\n                        <\/div>\n                    <\/a>\n                <\/div>                 <div class='block-12 block-sm-12 block-md-6 block-lg-4 team-block'>\n                    <a class='team-link' href='https:\/\/toxic.fm\/site\/team\/selina-peters\/'>\n                        <div class='team-content' style='background-image: url(https:\/\/toxic.fm\/site\/wp-content\/uploads\/2026\/02\/Kopie-von-Laurin-Fluetsch-7-614x768.png)'>\n                            <div class='team-info'>\n                                <p class='team-role'>Redaktion<\/p>\n                                <h2 class='team-name'>Selina<br>Peters<\/h2>\n                            <\/div>\n                        <\/div>\n                    <\/a>\n                <\/div>                 <div class='block-12 block-sm-12 block-md-6 block-lg-4 team-block'>\n                    <a class='team-link' href='https:\/\/toxic.fm\/site\/team\/sophia-sigalas\/'>\n                        <div class='team-content' style='background-image: url(https:\/\/toxic.fm\/site\/wp-content\/uploads\/2026\/02\/Kopie-von-Laurin-Fluetsch-614x768.png)'>\n                            <div class='team-info'>\n                                <p class='team-role'>Redaktion<\/p>\n                                <h2 class='team-name'>Sophia<br>Sigalas<\/h2>\n                            <\/div>\n                        <\/div>\n                    <\/a>\n                <\/div>                 <div class='block-12 block-sm-12 block-md-6 block-lg-4 team-block'>\n                    <a class='team-link' href='https:\/\/toxic.fm\/site\/team\/mona-sos\/'>\n                        <div class='team-content' style='background-image: url(https:\/\/toxic.fm\/site\/wp-content\/uploads\/2026\/02\/Kopie-von-Laurin-Fluetsch-8-614x768.png)'>\n                            <div class='team-info'>\n                                <p class='team-role'>Redaktion<\/p>\n                                <h2 class='team-name'>Mona<br>\u0160o\u0161<\/h2>\n                            <\/div>\n                        <\/div>\n                    <\/a>\n                <\/div>                 <div class='block-12 block-sm-12 block-md-6 block-lg-4 team-block'>\n                    <a class='team-link' href='https:\/\/toxic.fm\/site\/team\/delia-tiefenauer\/'>\n                        <div class='team-content' style='background-image: url(https:\/\/toxic.fm\/site\/wp-content\/uploads\/2025\/08\/Delia-Tiefenauer-614x768.png)'>\n                            <div class='team-info'>\n                                <p class='team-role'>Redaktion<\/p>\n                                <h2 class='team-name'>Delia<br>Tiefenauer<\/h2>\n                            <\/div>\n                        <\/div>\n                    <\/a>\n                <\/div>                 <div class='block-12 block-sm-12 block-md-6 block-lg-4 team-block'>\n                    <a class='team-link' href='https:\/\/toxic.fm\/site\/team\/robin-durrer\/'>\n                        <div class='team-content' style='background-image: url(https:\/\/toxic.fm\/site\/wp-content\/uploads\/2026\/02\/Kopie-von-Laurin-Fluetsch-2-614x768.png)'>\n                            <div class='team-info'>\n                                <p class='team-role'>Social Media \/ Video<\/p>\n                                <h2 class='team-name'>Robin<br>Durrer<\/h2>\n                            <\/div>\n                        <\/div>\n                    <\/a>\n                <\/div>                 <div class='block-12 block-sm-12 block-md-6 block-lg-4 team-block'>\n                    <a class='team-link' href='https:\/\/toxic.fm\/site\/team\/noemi-grogg\/'>\n                        <div class='team-content' style='background-image: url(https:\/\/toxic.fm\/site\/wp-content\/uploads\/2025\/02\/Noemi-Grogg-614x768.png)'>\n                            <div class='team-info'>\n                                <p class='team-role'>Social Media \/ Video<\/p>\n                                <h2 class='team-name'>Noemi<br>Grogg<\/h2>\n                            <\/div>\n                        <\/div>\n                    <\/a>\n                <\/div>                 <div class='block-12 block-sm-12 block-md-6 block-lg-4 team-block'>\n                    <a class='team-link' href='https:\/\/toxic.fm\/site\/team\/dario-mark\/'>\n                        <div class='team-content' style='background-image: url(https:\/\/toxic.fm\/site\/wp-content\/uploads\/2026\/02\/Kopie-von-Laurin-Fluetsch-1-614x768.png)'>\n                            <div class='team-info'>\n                                <p class='team-role'>Social Media \/ Video<\/p>\n                                <h2 class='team-name'>Dario<br>Mark<\/h2>\n                            <\/div>\n                        <\/div>\n                    <\/a>\n                <\/div>         <\/div>\n    <\/div> \n","protected":false},"excerpt":{"rendered":"<p>TEAM<\/p>\n","protected":false},"author":1,"featured_media":0,"parent":0,"menu_order":0,"comment_status":"closed","ping_status":"open","template":"","meta":{"_acf_changed":false,"footnotes":""},"class_list":["post-12","page","type-page","status-publish","hentry"],"acf":[],"publishpress_future_action":{"enabled":false,"date":"2026-05-07 11:21:33","action":"change-status","newStatus":"draft","terms":[],"taxonomy":"","extraData":[]},"publishpress_future_workflow_manual_trigger":{"enabledWorkflows":[]},"_links":{"self":[{"href":"https:\/\/toxic.fm\/site\/wp-json\/wp\/v2\/pages\/12","targetHints":{"allow":["GET"]}}],"collection":[{"href":"https:\/\/toxic.fm\/site\/wp-json\/wp\/v2\/pages"}],"about":[{"href":"https:\/\/toxic.fm\/site\/wp-json\/wp\/v2\/types\/page"}],"author":[{"embeddable":true,"href":"https:\/\/toxic.fm\/site\/wp-json\/wp\/v2\/users\/1"}],"replies":[{"embeddable":true,"href":"https:\/\/toxic.fm\/site\/wp-json\/wp\/v2\/comments?post=12"}],"version-history":[{"count":10,"href":"https:\/\/toxic.fm\/site\/wp-json\/wp\/v2\/pages\/12\/revisions"}],"predecessor-version":[{"id":66832,"href":"https:\/\/toxic.fm\/site\/wp-json\/wp\/v2\/pages\/12\/revisions\/66832"}],"wp:attachment":[{"href":"https:\/\/toxic.fm\/site\/wp-json\/wp\/v2\/media?parent=12"}],"curies":[{"name":"wp","href":"https:\/\/api.w.org\/{rel}","templated":true}]}}